{"id":781,"date":"2020-03-11T03:54:07","date_gmt":"2020-03-11T03:54:07","guid":{"rendered":"http:\/\/localhost\/thea\/index.php\/contacto-2\/"},"modified":"2024-10-24T10:44:17","modified_gmt":"2024-10-24T16:44:17","slug":"contacto-raul","status":"publish","type":"page","link":"https:\/\/www.laboratoriosthea.mx\/index.php\/contacto-raul\/","title":{"rendered":"Contacto Raul"},"content":{"rendered":"<p><img fetchpriority=\"high\" decoding=\"async\" width=\"1500\" height=\"485\" src=\"https:\/\/miramarlab.mx\/thea_wp\/wp-content\/uploads\/2020\/03\/default_0.png\" alt=\"\" srcset=\"https:\/\/miramarlab.mx\/thea_wp\/wp-content\/uploads\/2020\/03\/default_0.png 1500w, https:\/\/miramarlab.mx\/thea_wp\/wp-content\/uploads\/2020\/03\/default_0-300x97.png 300w, https:\/\/miramarlab.mx\/thea_wp\/wp-content\/uploads\/2020\/03\/default_0-1024x331.png 1024w, https:\/\/miramarlab.mx\/thea_wp\/wp-content\/uploads\/2020\/03\/default_0-768x248.png 768w\" sizes=\"(max-width: 1500px) 100vw, 1500px\" \/><br \/>\n\t\t\n    <div class=\"wrap\">\n\t\t<h1 class=\"elementor-heading-title elementor-size-default\" style=\"text-align: center\">Contacto<\/h1>\n\t\t\t<\/div>\n\t\t\t<div class=\"nf-form-layout\"><form>\n\t\t<div>\n\t\t\t<div class=\"nf-before-form-content\"><nf-section>\n    <div class=\"nf-form-fields-required\">Campos marcados con <span style=\"color: #e80000\">*<\/span> son requeridos<\/div>\n    \n<\/nf-section><\/div>\n\t\t\t<div class=\"nf-form-content \"><nf-fields-wrap><nf-field>\n    <div id=\"nf-field-86-container\" class=\"nf-field-container textbox-container  label-above \">\n        <div class=\"nf-before-field\"><nf-section>\n    \n<\/nf-section><\/div>\n        <div class=\"nf-field\"><div id=\"nf-field-86-wrap\" class=\"field-wrap textbox-wrap\" data-field-id=\"86\">\n\t\t\n\t\t\n\t\t\n\t<div class=\"nf-field-label\"><label for=\"nf-field-86\" id=\"nf-label-field-86\" class=\"\">Nombre completo <span style=\"color: #e80000\">*<\/span> <\/label><\/div>\n\n\t\t\n\t\t<div class=\"nf-field-element\">\n\t<input type=\"text\" value=\"\" class=\"ninja-forms-field nf-element\" id=\"rap_nombre\" name=\"rap_nombre\" aria-invalid=\"false\" aria-describedby=\"nf-error-86\" aria-labelledby=\"nf-label-field-86\" required=\"\" style=\"background: #f7f7f7;border: 1px solid #c4c4c4;border-radius: 0;box-shadow: none;color: #787878;transition: all .5s;\">\n\t<p style=\"color: #e80000;display: none\" id=\"rap_nombre_mensaje\" >Esto es un campo obligatorio.<\/p>\n<\/div>\n\t\t\n\t\t\n\t<\/div><\/div>\n        <div class=\"nf-after-field\"><nf-section>\n    \n    <div class=\"nf-input-limit\"><\/div>\n    \n    <div id=\"nf-error-86\" class=\"nf-error-wrap nf-error\" role=\"alert\"><\/div>\n    \n    \n<\/nf-section><\/div>\n    <\/div>\n<\/nf-field><nf-field>\n    <div id=\"nf-field-87-container\" class=\"nf-field-container email-container  label-above \">\n        <div class=\"nf-before-field\"><nf-section>\n    \n<\/nf-section><\/div>\n        <div class=\"nf-field\"><div id=\"nf-field-87-wrap\" class=\"field-wrap email-wrap\" data-field-id=\"87\">\n\t\t\n\t\t\n\t\t\n\t<div class=\"nf-field-label\"><label for=\"nf-field-87\" id=\"nf-label-field-87\" class=\"\">Correo electr\u00f3nico <span style=\"color: #e80000\">*<\/span> <\/label><\/div>\n\n\t\t\n\t\t<div class=\"nf-field-element\">\n\t<input type=\"email\" value=\"\" class=\"ninja-forms-field nf-element\" id=\"rap_email\" name=\"rap_email\" autocomplete=\"email\" aria-invalid=\"false\" aria-describedby=\"nf-error-87\" aria-labelledby=\"nf-label-field-87\" required=\"\" style=\"background: #f7f7f7;border: 1px solid #c4c4c4;border-radius: 0;box-shadow: none;color: #787878;transition: all .5s;\">\n\t<p style=\"color: #e80000;display: none\" id=\"rap_email_mensaje\">Esto es un campo obligatorio.<\/p>\n<\/div>\n\t\t\n\t\t\n\t<\/div><\/div>\n        <div class=\"nf-after-field\"><nf-section>\n    \n    <div class=\"nf-input-limit\"><\/div>\n    \n    <div id=\"nf-error-87\" class=\"nf-error-wrap nf-error\" role=\"alert\"><\/div>\n    \n    \n<\/nf-section><\/div>\n    <\/div>\n<\/nf-field><nf-field>\n    <div id=\"nf-field-93-container\" class=\"nf-field-container phone-container  label-above  textbox-container\">\n        <div class=\"nf-before-field\"><nf-section>\n    \n<\/nf-section><\/div>\n        <div class=\"nf-field\"><div id=\"nf-field-93-wrap\" class=\"field-wrap phone-wrap textbox-wrap\" data-field-id=\"93\">\n\t\t\n\t\t\n\t\t\n\t<div class=\"nf-field-label\"><label for=\"nf-field-93\" id=\"nf-label-field-93\" class=\"\">Tel\u00e9fono (10 d\u00edgitos) <span style=\"color: #e80000\">*<\/span> <\/label><\/div>\n\n\t\t\n\t\t<div class=\"nf-field-element\">\n\t<input type=\"tel\" value=\"\" class=\"ninja-forms-field nf-element\" id=\"rap_telef\" name=\"rap_telef\" autocomplete=\"tel\" aria-invalid=\"false\" aria-describedby=\"nf-error-93\" aria-labelledby=\"nf-label-field-93\" required=\"\" style=\"background: #f7f7f7;border: 1px solid #c4c4c4;border-radius: 0;box-shadow: none;color: #787878;transition: all .5s;\">\n\t<p style=\"color: #e80000;display: none\" id=\"rap_telef_mensaje\">Esto es un campo obligatorio.<\/p>\n<\/div>\n\t\t\n\t\t\n\t<\/div><\/div>\n        <div class=\"nf-after-field\"><nf-section>\n    \n    <div class=\"nf-input-limit\"><\/div>\n    \n    <div id=\"nf-error-93\" class=\"nf-error-wrap nf-error\" role=\"alert\"><\/div>\n    \n    \n<\/nf-section><\/div>\n    <\/div>\n<\/nf-field><nf-field>\n    <div id=\"nf-field-90-container\" class=\"nf-field-container listradio-container  label-above  list-container\">\n        <div class=\"nf-before-field\"><nf-section>\n    \n<\/nf-section><\/div>\n        <div class=\"nf-field\"><div id=\"nf-field-90-wrap\" class=\"field-wrap listradio-wrap list-wrap list-radio-wrap\" data-field-id=\"90\">\n\t\t\n\t\t\n\t\t\n\t<div class=\"nf-field-label\"><label for=\"nf-field-90\" id=\"nf-label-field-90\" class=\"\">Lista de opciones <span style=\"color: #e80000\">*<\/span> <\/label><\/div>\n\n\t\t\n\t\t<div class=\"nf-field-element\">\n    <ul aria-describedby=\"nf-error-90\">\n        \n    \n    <li>\n        <input type=\"radio\" id=\"nf-field-90-0\" name=\"opciones_lista\" class=\"ninja-forms-field nf-element \" value=\"incidente-calidad-producto\" aria-labelledby=\"nf-label-class-field-90-0\" required=\"\">\n        <label for=\"nf-field-90-0\" id=\"p1\" class=\"\">Incidente sobre calidad de producto<\/label>\n    <\/li>\n\n    \n    <li>\n        <input type=\"radio\" id=\"nf-field-90-1\" name=\"opciones_lista\" class=\"ninja-forms-field nf-element \" value=\"informacion-medica\" aria-labelledby=\"nf-label-class-field-90-1\" required=\"\">\n        <label for=\"nf-field-90-1\" id=\"p2\" class=\"\">Solicitud de informaci\u00f3n m\u00e9dica<\/label>\n    <\/li>\n\n    \n    <li>\n        <input type=\"radio\" id=\"nf-field-90-2\" name=\"opciones_lista\" class=\"ninja-forms-field nf-element \" value=\"informacion-comercial\" aria-labelledby=\"nf-label-class-field-90-2\" required=\"\">\n        <label for=\"nf-field-90-2\" id=\"p3\" class=\"\">Informaci\u00f3n comercial<\/label>\n    <\/li>\n\n    \n    <li>\n        <input type=\"radio\" id=\"nf-field-90-3\" name=\"opciones_lista\" class=\"ninja-forms-field nf-element \" value=\"incidente-sobre-eventos-adversos\" aria-labelledby=\"nf-label-class-field-90-3\" required=\"\">\n        <label for=\"nf-field-90-3\" id=\"p4\" class=\"\">Incidente sobre eventos adversos<\/label>\n    <\/li>\n\n    \n    <li>\n        <input type=\"radio\" id=\"nf-field-90-4\" name=\"opciones_lista\" class=\"ninja-forms-field nf-element \" value=\"contacto-a-recursos-humanos\" aria-labelledby=\"nf-label-class-field-90-4\" required=\"\">\n        <label for=\"nf-field-90-4\" id=\"p5\" class=\"\">Contacto a recursos humanos<\/label>\n    <\/li>\n\n    \n    <li>\n        <input type=\"radio\" id=\"nf-field-90-5\" name=\"opciones_lista\" class=\"ninja-forms-field nf-element \" value=\"compras-proveedores\" aria-labelledby=\"nf-label-class-field-90-5\" required=\"\">\n        <label for=\"nf-field-90-5\" id=\"p6\" class=\"\">Compras \/ Proveedores<\/label>\n    <\/li>\n\n    <\/ul>\n    <p style=\"color: #e80000;display: none\" id=\"rap_lista_mensaje\">Esto es un campo obligatorio.<\/p>\n<\/div>\n\t\t\n\t\t\n\t<\/div><\/div>\n        <div class=\"nf-after-field\"><nf-section>\n    \n    <div class=\"nf-input-limit\"><\/div>\n    \n    <div id=\"nf-error-90\" class=\"nf-error-wrap nf-error\" role=\"alert\"><\/div>\n    \n    \n<\/nf-section><\/div>\n    <\/div>\n<\/nf-field><nf-field>\n    <div id=\"nf-field-88-container\" class=\"nf-field-container textarea-container  label-above \">\n        <div class=\"nf-before-field\"><nf-section>\n    \n<\/nf-section><\/div>\n        <div class=\"nf-field\"><div id=\"nf-field-88-wrap\" class=\"field-wrap textarea-wrap\" data-field-id=\"88\">\n\t\t\n\t\t\n\t\t\n\t<div class=\"nf-field-label\"><label for=\"nf-field-88\" id=\"nf-label-field-88\" class=\"\">Mensaje <span style=\"color: #e80000\">*<\/span> <\/label><\/div>\n\n\t\t\n\t\t<div class=\"nf-field-element\">\n    <textarea id=\"rap_mensaje\" name=\"rap_mensaje\" aria-invalid=\"false\" aria-describedby=\"nf-error-88\" class=\"ninja-forms-field nf-element\" aria-labelledby=\"nf-label-field-88\" required=\"\" style=\"background: #f7f7f7;border: 1px solid #c4c4c4;border-radius: 0;box-shadow: none;color: #787878;transition: all .5s;height: 200px\"><\/textarea>\n    <p style=\"color: #e80000;display: none\" id=\"rap_mensaje_mensaje\">Esto es un campo obligatorio.<\/p>\n<\/div>\n\t\t\n\t\t\n\t<\/div><\/div>\n        <div class=\"nf-after-field\"><nf-section>\n    \n    <div class=\"nf-input-limit\"><\/div>\n    \n    <div id=\"nf-error-88\" class=\"nf-error-wrap nf-error\" role=\"alert\"><\/div>\n    \n    \n<\/nf-section><\/div>\n    <\/div>\n<\/nf-field><nf-field>\n    <div id=\"nf-field-92-container\" class=\"nf-field-container checkbox-container  label-right \">\n        <div class=\"nf-before-field\"><nf-section>\n    \n<\/nf-section><\/div>\n        <div class=\"nf-field\"><div id=\"nf-field-92-wrap\" class=\"field-wrap checkbox-wrap\" data-field-id=\"92\">\n\t\t\n\t\t\n\t\t\n\t<div class=\"nf-field-label\"><label for=\"nf-field-92\" id=\"nf-label-field-92\" class=\"\">He le\u00eddo el aviso de privacidad y acepto los t\u00e9rminos y condiciones de uso <span style=\"color: #e80000\">*<\/span> <\/label><\/div>\n\n\t\t\n\t\t<div class=\"nf-field-element\">\n\t<input id=\"rap_privacidad\" name=\"rap_privacidad\" aria-describedby=\"nf-error-92\" class=\"ninja-forms-field nf-element\" type=\"checkbox\" value=\"1\" aria-labelledby=\"nf-label-field-92\" required=\"\">\n\t<p style=\"color: #e80000;display: none\" id=\"rap_privacidad_mensaje\">Esto es un campo obligatorio.<\/p>\n<\/div>\n\t\t\n\t\t\n\t<\/div><\/div>\n        <div class=\"nf-after-field\"><nf-section>\n    \n    <div class=\"nf-input-limit\"><\/div>\n    \n    <div id=\"nf-error-92\" class=\"nf-error-wrap nf-error\" role=\"alert\"><\/div>\n    \n    \n<\/nf-section><\/div>\n    <\/div>\n<\/nf-field><nf-field>\n    <div id=\"nf-field-96-container\" class=\"nf-field-container html-container  label-above \">\n        <div class=\"nf-before-field\"><nf-section>\n    \n<\/nf-section><\/div>\n        <div class=\"nf-field\"><div id=\"nf-field-96-wrap\" class=\"field-wrap html-wrap\" data-field-id=\"96\">\n\t\t\n\t\t\n\t\t\n\t<div class=\"nf-field-label\"><label for=\"nf-field-96\" id=\"nf-label-field-96\" class=\"\">  <\/label><\/div>\n\n\t\t\n\t\t<div class=\"nf-field-element\">\n    <p><u style=\"color: rgb(17, 131, 255);\"><a href=\"https:\/\/miramarlab.mx\/thea_wp\/index.php\/aviso-de-privacidad\/\" target=\"_blank\">Leer aviso de privacidad<\/a><\/u><\/p>\n<\/div>\n\t\t\n\t\t\n\t<\/div><\/div>\n        <div class=\"nf-after-field\"><nf-section>\n    \n    <div class=\"nf-input-limit\"><\/div>\n    \n    <div id=\"nf-error-96\" class=\"nf-error-wrap nf-error\" role=\"alert\"><\/div>\n    \n    \n<\/nf-section><\/div>\n    <\/div>\n<\/nf-field><nf-field>\n    <div id=\"nf-field-89-container\" class=\"nf-field-container submit-container  label-above  textbox-container\">\n        <div class=\"nf-before-field\"><nf-section>\n    \n<\/nf-section><\/div>\n        <div class=\"nf-field\"><div id=\"nf-field-89-wrap\" class=\"field-wrap submit-wrap textbox-wrap\" data-field-id=\"89\">\n        <div class=\"nf-field-label\"><\/div>\n        <div class=\"nf-field-element\">\n\t<input id=\"rap_enviar\" class=\"ninja-forms-field nf-element \" type=\"button\" value=\"Enviar\" onclick=\"enviar()\" >\n\n\t <p style=\"color: #e80000;display: none\" id=\"rap_enviar_mensaje\">Corrige los errores antes de enviar este formulario.<\/p>\n<\/div>\n        <div class=\"nf-error-wrap\"><\/div>\n    <\/div><\/div>\n        <div class=\"nf-after-field\"><nf-section>\n    \n    <div class=\"nf-input-limit\"><\/div>\n    \n    <div id=\"nf-error-89\" class=\"nf-error-wrap nf-error\" role=\"alert\"><\/div>\n    \n    \n<\/nf-section><\/div>\n    <\/div>\n<\/nf-field><\/nf-fields-wrap><\/div>\n\t\t\t<div class=\"nf-after-form-content\"><nf-section>\n    \n    <div id=\"nf-form-errors-7\" class=\"nf-form-errors\" role=\"alert\"><nf-errors><\/nf-errors><\/div>\n    <div class=\"nf-form-hp\"><nf-section>\n\n<\/nf-section><\/div>\n<\/nf-section><\/div>\n\t\t<\/div>\n\t<\/form><\/div>\n    <br \/>\n\t\t\t\t\t\t\t\t\t\t<img decoding=\"async\" width=\"142\" height=\"73\" src=\"https:\/\/miramarlab.mx\/thea_wp\/wp-content\/uploads\/2020\/03\/logo-1.png\" alt=\"\" \/>\t\t\t\t\t\t\t\t\t\t\t<\/p>\n<p><strong>M\u00c9XICO<\/strong><\/p>\n<p>Laboratorios Th\u00e9a<br \/>Av. Ej\u00e9rcito Nacional No. 579<br \/>Piso 8, Local B<br \/>Colonia Granada<br \/>C.P 11520, Ciudad de M\u00e9xico<\/p>\n<p>\t\t\t<a href=\"https:\/\/miramarlab.mx\/thea_wp\/index.php\/contacto\/\" role=\"button\"><br \/>\n\t\t\t\t\t\tContacto<br \/>\n\t\t\t\t\t<\/a><br \/>\n\t\t\t<a href=\"https:\/\/miramarlab.mx\/thea_wp\/index.php\/informacion-medica\/\" role=\"button\"><br \/>\n\t\t\t\t\t\tInformaci\u00f3n M\u00e9dica<br \/>\n\t\t\t\t\t<\/a><br \/>\n\t\t\t<a href=\"https:\/\/miramarlab.mx\/thea_wp\/index.php\/informacion-seguridad\/\" role=\"button\"><br \/>\n\t\t\t\t\t\tInformaci\u00f3n Seguridad Nuestros Productos<br \/>\n\t\t\t\t\t<\/a><br \/>\n\t\t\t\t\t\t\t\t\t\t<img decoding=\"async\" width=\"437\" height=\"216\" src=\"https:\/\/miramarlab.mx\/thea_wp\/wp-content\/uploads\/2020\/03\/bg_footer_cut.jpg\" alt=\"\" srcset=\"https:\/\/miramarlab.mx\/thea_wp\/wp-content\/uploads\/2020\/03\/bg_footer_cut.jpg 437w, https:\/\/miramarlab.mx\/thea_wp\/wp-content\/uploads\/2020\/03\/bg_footer_cut-300x148.jpg 300w\" sizes=\"(max-width: 437px) 100vw, 437px\" \/><br \/>\n\t\t\t<a href=\"https:\/\/miramarlab.mx\/thea_wp\/index.php\/aviso-de-privacidad\/\" role=\"button\"><br \/>\n\t\t\t\t\t\tAVISO DE PRIVACIDAD<br \/>\n\t\t\t\t\t<\/a><\/p>\n","protected":false},"excerpt":{"rendered":"<p>M\u00c9XICO Laboratorios Th\u00e9aAv. Ej\u00e9rcito Nacional No. 579Piso 8, Local BColonia GranadaC.P 11520, Ciudad de M\u00e9xico Contacto Informaci\u00f3n M\u00e9dica Informaci\u00f3n Seguridad Nuestros Productos AVISO DE PRIVACIDAD<\/p>\n","protected":false},"author":1,"featured_media":0,"parent":0,"menu_order":0,"comment_status":"closed","ping_status":"closed","template":"","meta":{"_themeisle_gutenberg_block_has_review":false,"footnotes":""},"class_list":["post-781","page","type-page","status-publish"],"yoast_head":"<!-- This site is optimized with the Yoast SEO plugin v25.3 - https:\/\/yoast.com\/wordpress\/plugins\/seo\/ -->\n<title>Laboratorios Th\u00e9a M\u00e9xico | Contacto RaulInnovaci\u00f3n en Salud Ocular y Oftalmolog\u00eda<\/title>\n<meta name=\"description\" content=\"M\u00c9XICO Laboratorios Th\u00e9aAv. Ej\u00e9rcito Nacional No. 579Piso 8, Local BColonia GranadaC.P 11520, Ciudad de M\u00e9xico Contacto Informaci\u00f3n M\u00e9dica Informaci\u00f3n P\u00e1gina\" \/>\n<meta name=\"robots\" content=\"index, follow, max-snippet:-1, max-image-preview:large, max-video-preview:-1\" \/>\n<link rel=\"canonical\" href=\"https:\/\/www.laboratoriosthea.mx\/index.php\/contacto-raul\/\" \/>\n<meta property=\"og:locale\" content=\"es_MX\" \/>\n<meta property=\"og:type\" content=\"article\" \/>\n<meta property=\"og:title\" content=\"Laboratorios Th\u00e9a M\u00e9xico | Contacto RaulInnovaci\u00f3n en Salud Ocular y Oftalmolog\u00eda\" \/>\n<meta property=\"og:description\" content=\"M\u00c9XICO Laboratorios Th\u00e9aAv. Ej\u00e9rcito Nacional No. 579Piso 8, Local BColonia GranadaC.P 11520, Ciudad de M\u00e9xico Contacto Informaci\u00f3n M\u00e9dica Informaci\u00f3n P\u00e1gina\" \/>\n<meta property=\"og:url\" content=\"https:\/\/www.laboratoriosthea.mx\/index.php\/contacto-raul\/\" \/>\n<meta property=\"og:site_name\" content=\"Laboratorios Th\u00e9a M\u00e9xico\" \/>\n<meta property=\"article:modified_time\" content=\"2024-10-24T16:44:17+00:00\" \/>\n<meta property=\"og:image\" content=\"https:\/\/miramarlab.mx\/thea_wp\/wp-content\/uploads\/2020\/03\/default_0.png\" \/>\n<meta name=\"twitter:card\" content=\"summary_large_image\" \/>\n<script type=\"application\/ld+json\" class=\"yoast-schema-graph\">{\"@context\":\"https:\/\/schema.org\",\"@graph\":[{\"@type\":\"WebPage\",\"@id\":\"https:\/\/www.laboratoriosthea.mx\/index.php\/contacto-raul\/\",\"url\":\"https:\/\/www.laboratoriosthea.mx\/index.php\/contacto-raul\/\",\"name\":\"Laboratorios Th\u00e9a M\u00e9xico | Contacto RaulInnovaci\u00f3n en Salud Ocular y Oftalmolog\u00eda\",\"isPartOf\":{\"@id\":\"https:\/\/www.laboratoriosthea.mx\/#website\"},\"primaryImageOfPage\":{\"@id\":\"https:\/\/www.laboratoriosthea.mx\/index.php\/contacto-raul\/#primaryimage\"},\"image\":{\"@id\":\"https:\/\/www.laboratoriosthea.mx\/index.php\/contacto-raul\/#primaryimage\"},\"thumbnailUrl\":\"https:\/\/miramarlab.mx\/thea_wp\/wp-content\/uploads\/2020\/03\/default_0.png\",\"datePublished\":\"2020-03-11T03:54:07+00:00\",\"dateModified\":\"2024-10-24T16:44:17+00:00\",\"description\":\"M\u00c9XICO Laboratorios Th\u00e9aAv. Ej\u00e9rcito Nacional No. 579Piso 8, Local BColonia GranadaC.P 11520, Ciudad de M\u00e9xico Contacto Informaci\u00f3n M\u00e9dica Informaci\u00f3n P\u00e1gina\",\"breadcrumb\":{\"@id\":\"https:\/\/www.laboratoriosthea.mx\/index.php\/contacto-raul\/#breadcrumb\"},\"inLanguage\":\"es\",\"potentialAction\":[{\"@type\":\"ReadAction\",\"target\":[\"https:\/\/www.laboratoriosthea.mx\/index.php\/contacto-raul\/\"]}]},{\"@type\":\"ImageObject\",\"inLanguage\":\"es\",\"@id\":\"https:\/\/www.laboratoriosthea.mx\/index.php\/contacto-raul\/#primaryimage\",\"url\":\"https:\/\/miramarlab.mx\/thea_wp\/wp-content\/uploads\/2020\/03\/default_0.png\",\"contentUrl\":\"https:\/\/miramarlab.mx\/thea_wp\/wp-content\/uploads\/2020\/03\/default_0.png\"},{\"@type\":\"BreadcrumbList\",\"@id\":\"https:\/\/www.laboratoriosthea.mx\/index.php\/contacto-raul\/#breadcrumb\",\"itemListElement\":[{\"@type\":\"ListItem\",\"position\":1,\"name\":\"Inicio\",\"item\":\"https:\/\/www.laboratoriosthea.mx\/\"},{\"@type\":\"ListItem\",\"position\":2,\"name\":\"Contacto Raul\"}]},{\"@type\":\"WebSite\",\"@id\":\"https:\/\/www.laboratoriosthea.mx\/#website\",\"url\":\"https:\/\/www.laboratoriosthea.mx\/\",\"name\":\"Laboratorios Th\u00e9a M\u00e9xico\",\"description\":\"Innovaci\u00f3n en Salud Ocular y Oftalmolog\u00eda\",\"publisher\":{\"@id\":\"https:\/\/www.laboratoriosthea.mx\/#organization\"},\"alternateName\":\"Th\u00e9a Pharma M\u00e9xico\",\"potentialAction\":[{\"@type\":\"SearchAction\",\"target\":{\"@type\":\"EntryPoint\",\"urlTemplate\":\"https:\/\/www.laboratoriosthea.mx\/?s={search_term_string}\"},\"query-input\":{\"@type\":\"PropertyValueSpecification\",\"valueRequired\":true,\"valueName\":\"search_term_string\"}}],\"inLanguage\":\"es\"},{\"@type\":\"Organization\",\"@id\":\"https:\/\/www.laboratoriosthea.mx\/#organization\",\"name\":\"Laboratorios Th\u00e9a M\u00e9xico | Innovaci\u00f3n en Salud Ocular y Oftalmolog\u00eda\",\"alternateName\":\"Th\u00e9a Pharma M\u00e9xico\",\"url\":\"https:\/\/www.laboratoriosthea.mx\/\",\"logo\":{\"@type\":\"ImageObject\",\"inLanguage\":\"es\",\"@id\":\"https:\/\/www.laboratoriosthea.mx\/#\/schema\/logo\/image\/\",\"url\":\"https:\/\/www.laboratoriosthea.mx\/wp-content\/uploads\/2022\/11\/logo-1.png\",\"contentUrl\":\"https:\/\/www.laboratoriosthea.mx\/wp-content\/uploads\/2022\/11\/logo-1.png\",\"width\":142,\"height\":73,\"caption\":\"Laboratorios Th\u00e9a M\u00e9xico | Innovaci\u00f3n en Salud Ocular y Oftalmolog\u00eda\"},\"image\":{\"@id\":\"https:\/\/www.laboratoriosthea.mx\/#\/schema\/logo\/image\/\"},\"sameAs\":[\"https:\/\/mx.linkedin.com\/company\/laboratoriostheamexico\"]}]}<\/script>\n<!-- \/ Yoast SEO plugin. -->","yoast_head_json":{"title":"Laboratorios Th\u00e9a M\u00e9xico | Contacto RaulInnovaci\u00f3n en Salud Ocular y Oftalmolog\u00eda","description":"M\u00c9XICO Laboratorios Th\u00e9aAv. Ej\u00e9rcito Nacional No. 579Piso 8, Local BColonia GranadaC.P 11520, Ciudad de M\u00e9xico Contacto Informaci\u00f3n M\u00e9dica Informaci\u00f3n P\u00e1gina","robots":{"index":"index","follow":"follow","max-snippet":"max-snippet:-1","max-image-preview":"max-image-preview:large","max-video-preview":"max-video-preview:-1"},"canonical":"https:\/\/www.laboratoriosthea.mx\/index.php\/contacto-raul\/","og_locale":"es_MX","og_type":"article","og_title":"Laboratorios Th\u00e9a M\u00e9xico | Contacto RaulInnovaci\u00f3n en Salud Ocular y Oftalmolog\u00eda","og_description":"M\u00c9XICO Laboratorios Th\u00e9aAv. Ej\u00e9rcito Nacional No. 579Piso 8, Local BColonia GranadaC.P 11520, Ciudad de M\u00e9xico Contacto Informaci\u00f3n M\u00e9dica Informaci\u00f3n P\u00e1gina","og_url":"https:\/\/www.laboratoriosthea.mx\/index.php\/contacto-raul\/","og_site_name":"Laboratorios Th\u00e9a M\u00e9xico","article_modified_time":"2024-10-24T16:44:17+00:00","og_image":[{"url":"https:\/\/miramarlab.mx\/thea_wp\/wp-content\/uploads\/2020\/03\/default_0.png","type":"","width":"","height":""}],"twitter_card":"summary_large_image","schema":{"@context":"https:\/\/schema.org","@graph":[{"@type":"WebPage","@id":"https:\/\/www.laboratoriosthea.mx\/index.php\/contacto-raul\/","url":"https:\/\/www.laboratoriosthea.mx\/index.php\/contacto-raul\/","name":"Laboratorios Th\u00e9a M\u00e9xico | Contacto RaulInnovaci\u00f3n en Salud Ocular y Oftalmolog\u00eda","isPartOf":{"@id":"https:\/\/www.laboratoriosthea.mx\/#website"},"primaryImageOfPage":{"@id":"https:\/\/www.laboratoriosthea.mx\/index.php\/contacto-raul\/#primaryimage"},"image":{"@id":"https:\/\/www.laboratoriosthea.mx\/index.php\/contacto-raul\/#primaryimage"},"thumbnailUrl":"https:\/\/miramarlab.mx\/thea_wp\/wp-content\/uploads\/2020\/03\/default_0.png","datePublished":"2020-03-11T03:54:07+00:00","dateModified":"2024-10-24T16:44:17+00:00","description":"M\u00c9XICO Laboratorios Th\u00e9aAv. Ej\u00e9rcito Nacional No. 579Piso 8, Local BColonia GranadaC.P 11520, Ciudad de M\u00e9xico Contacto Informaci\u00f3n M\u00e9dica Informaci\u00f3n P\u00e1gina","breadcrumb":{"@id":"https:\/\/www.laboratoriosthea.mx\/index.php\/contacto-raul\/#breadcrumb"},"inLanguage":"es","potentialAction":[{"@type":"ReadAction","target":["https:\/\/www.laboratoriosthea.mx\/index.php\/contacto-raul\/"]}]},{"@type":"ImageObject","inLanguage":"es","@id":"https:\/\/www.laboratoriosthea.mx\/index.php\/contacto-raul\/#primaryimage","url":"https:\/\/miramarlab.mx\/thea_wp\/wp-content\/uploads\/2020\/03\/default_0.png","contentUrl":"https:\/\/miramarlab.mx\/thea_wp\/wp-content\/uploads\/2020\/03\/default_0.png"},{"@type":"BreadcrumbList","@id":"https:\/\/www.laboratoriosthea.mx\/index.php\/contacto-raul\/#breadcrumb","itemListElement":[{"@type":"ListItem","position":1,"name":"Inicio","item":"https:\/\/www.laboratoriosthea.mx\/"},{"@type":"ListItem","position":2,"name":"Contacto Raul"}]},{"@type":"WebSite","@id":"https:\/\/www.laboratoriosthea.mx\/#website","url":"https:\/\/www.laboratoriosthea.mx\/","name":"Laboratorios Th\u00e9a M\u00e9xico","description":"Innovaci\u00f3n en Salud Ocular y Oftalmolog\u00eda","publisher":{"@id":"https:\/\/www.laboratoriosthea.mx\/#organization"},"alternateName":"Th\u00e9a Pharma M\u00e9xico","potentialAction":[{"@type":"SearchAction","target":{"@type":"EntryPoint","urlTemplate":"https:\/\/www.laboratoriosthea.mx\/?s={search_term_string}"},"query-input":{"@type":"PropertyValueSpecification","valueRequired":true,"valueName":"search_term_string"}}],"inLanguage":"es"},{"@type":"Organization","@id":"https:\/\/www.laboratoriosthea.mx\/#organization","name":"Laboratorios Th\u00e9a M\u00e9xico | Innovaci\u00f3n en Salud Ocular y Oftalmolog\u00eda","alternateName":"Th\u00e9a Pharma M\u00e9xico","url":"https:\/\/www.laboratoriosthea.mx\/","logo":{"@type":"ImageObject","inLanguage":"es","@id":"https:\/\/www.laboratoriosthea.mx\/#\/schema\/logo\/image\/","url":"https:\/\/www.laboratoriosthea.mx\/wp-content\/uploads\/2022\/11\/logo-1.png","contentUrl":"https:\/\/www.laboratoriosthea.mx\/wp-content\/uploads\/2022\/11\/logo-1.png","width":142,"height":73,"caption":"Laboratorios Th\u00e9a M\u00e9xico | Innovaci\u00f3n en Salud Ocular y Oftalmolog\u00eda"},"image":{"@id":"https:\/\/www.laboratoriosthea.mx\/#\/schema\/logo\/image\/"},"sameAs":["https:\/\/mx.linkedin.com\/company\/laboratoriostheamexico"]}]}},"_links":{"self":[{"href":"https:\/\/www.laboratoriosthea.mx\/index.php\/wp-json\/wp\/v2\/pages\/781"}],"collection":[{"href":"https:\/\/www.laboratoriosthea.mx\/index.php\/wp-json\/wp\/v2\/pages"}],"about":[{"href":"https:\/\/www.laboratoriosthea.mx\/index.php\/wp-json\/wp\/v2\/types\/page"}],"author":[{"embeddable":true,"href":"https:\/\/www.laboratoriosthea.mx\/index.php\/wp-json\/wp\/v2\/users\/1"}],"replies":[{"embeddable":true,"href":"https:\/\/www.laboratoriosthea.mx\/index.php\/wp-json\/wp\/v2\/comments?post=781"}],"version-history":[{"count":29,"href":"https:\/\/www.laboratoriosthea.mx\/index.php\/wp-json\/wp\/v2\/pages\/781\/revisions"}],"predecessor-version":[{"id":1569,"href":"https:\/\/www.laboratoriosthea.mx\/index.php\/wp-json\/wp\/v2\/pages\/781\/revisions\/1569"}],"wp:attachment":[{"href":"https:\/\/www.laboratoriosthea.mx\/index.php\/wp-json\/wp\/v2\/media?parent=781"}],"curies":[{"name":"wp","href":"https:\/\/api.w.org\/{rel}","templated":true}]}}